{"id":10195,"date":"2015-09-02T17:09:33","date_gmt":"2015-09-02T17:09:33","guid":{"rendered":"http:\/\/www.flymedia.rs\/reference-projekti\/"},"modified":"2022-10-17T09:26:09","modified_gmt":"2022-10-17T09:26:09","slug":"projects","status":"publish","type":"page","link":"https:\/\/www.flymedia.rs\/en\/projects\/","title":{"rendered":"Our Projects"},"content":{"rendered":"<p>[vc_row row_type=&#8221;3&#8243; blox_image=&#8221;9818&#8243; align_center=&#8221;aligncenter&#8221; page_title=&#8221;page-title-x&#8221; blox_dark=&#8221;true&#8221; parallax_speed=&#8221;7&#8243;][vc_column]<hr class=\"vertical-space5\"><hr class=\"vertical-space5\"><hr class=\"vertical-space3\">[vc_column_text]<\/p>\n<h2 class=\"respo-tagline\" style=\"text-align: center; letter-spacing: 1px;\"><strong>A PART OF OUR REFERENCE LIST<\/strong><\/h2>\n<p>[\/vc_column_text]<hr class=\"vertical-space5\"><hr class=\"vertical-space5\">[\/vc_column][\/vc_row][vc_row][vc_column width=&#8221;1\/4&#8243;][vc_empty_space height=&#8221;50px&#8221;][vc_column_text]<\/p>\n<ul>\n<li>IKEA<\/li>\n<li>MMS International<\/li>\n<li>Nau\u010dno tehnolo\u0161ki park Beograd<\/li>\n<li>Soko \u0160tark<\/li>\n<li>Orion telekom<\/li>\n<li>Privredna komora Srbije<\/li>\n<li>Udru\u017eenje banaka Srbije<\/li>\n<li>Glam Up<\/li>\n<li>Bibo Global Opportunity Inc.<\/li>\n<li>Ball Beverage Packaging<\/li>\n<li>SR Technics Services<\/li>\n<li>Kleemann Liftovi<\/li>\n<li>Filip Travel<\/li>\n<li>EyeSee<\/li>\n<li>MR Lenses<\/li>\n<li>Jeep Commerce<\/li>\n<li>RC Europe<\/li>\n<li>MBS \u2013 Visoka \u0161kola biznisa<\/li>\n<li>Brook Hill International School<\/li>\n<li>Obrazovni centar EQUILIBRIO<\/li>\n<li>Life Pharma d.o.o.<\/li>\n<li>La Force<\/li>\n<li>Sport Network<\/li>\n<li>Lucia Center Dubai<\/li>\n<li>LeitnerLeitner<\/li>\n<li>SkyExpress<\/li>\n<li>HDL Design House<\/li>\n<li>Coming Computer Engineering<\/li>\n<li>Evermed<\/li>\n<li>Supportyourapp INC<\/li>\n<li>Frueko<\/li>\n<\/ul>\n<p>[\/vc_column_text][\/vc_column][vc_column width=&#8221;1\/4&#8243;][vc_empty_space height=&#8221;50px&#8221;][vc_column_text]<\/p>\n<ul>\n<li>Aroma market \/\u00a0City market<\/li>\n<li>AmRest (KFC)<\/li>\n<li>GrossOptic<\/li>\n<li>Japanese Business Alliance in Serbia<\/li>\n<li>Moto bike<\/li>\n<li>Diplon kupatila<\/li>\n<li>Vibac Balcani<\/li>\n<li>Alef Adriatic<\/li>\n<li>TNation<\/li>\n<li><span lang=\"SR-LATN-RS\">CML Construction Services<\/span><\/li>\n<li>Direkta<\/li>\n<li>Swiss Mail Solutions<\/li>\n<li>CPI Group<\/li>\n<li>GPA construct<\/li>\n<li>WSD\u00a0sistem<\/li>\n<li>Makler<\/li>\n<li>Perla Pure<\/li>\n<li>Web media studio<\/li>\n<li>King\u00a0produkcija<\/li>\n<li>Fenix 011 pirotehnika<\/li>\n<li>Alcom\u00a0Worldwide<\/li>\n<li>Imprimatur<\/li>\n<li>Vodi\u010d za roditelje<\/li>\n<li>Fitness Supreme<\/li>\n<li>SIS \u2013 Software and Services<\/li>\n<li>Thinking Engineers<\/li>\n<li>Inoposao<\/li>\n<li>Prometal<\/li>\n<li>Eccentrix<\/li>\n<li>Gargantua Films<\/li>\n<li>Seavus<\/li>\n<\/ul>\n<p>[\/vc_column_text][\/vc_column][vc_column width=&#8221;1\/4&#8243;][vc_empty_space height=&#8221;50px&#8221;][vc_column_text]<\/p>\n<ul>\n<li>PS Fashion<\/li>\n<li>Gomma Line<\/li>\n<li>Heads Adriatic<\/li>\n<li>Senzal Capital<\/li>\n<li>Medo kisobrani<\/li>\n<li>China railway international co. ltd.<\/li>\n<li>NoBug d.o.o.<\/li>\n<li>Micro Business HUB<\/li>\n<li>Fit Innovation<\/li>\n<li>Duos Asinos<\/li>\n<li>TAG media<\/li>\n<li>Vila San<\/li>\n<li>Portal odmori<\/li>\n<li>Jezi\u010dki centar EQUILIBRIO KIDS<\/li>\n<li>Maturanti maratonci<\/li>\n<li>Muzi\u010dki sastav Price i ulice<\/li>\n<li>\u0160kola obuke i kursevi<\/li>\n<li>Zmajevo gnezdo \u2013 kung fu klub<\/li>\n<li>MCstudio BN<\/li>\n<li>Magla bend<\/li>\n<li>Health Care<\/li>\n<li>Winsol GMBH<\/li>\n<li>Turbo servis Bo\u017eec<\/li>\n<li>Dom za stare Elite Home<\/li>\n<li>Glenin Tim<\/li>\n<li>OtaCo In\u017einjering<\/li>\n<li>Bobex<\/li>\n<li>Obuke i seminari<\/li>\n<li>Vizija Ra\u010dunovodstvo<\/li>\n<li>Kaktus M<\/li>\n<li>Beo-Sport System<\/li>\n<\/ul>\n<p>[\/vc_column_text][\/vc_column][vc_column width=&#8221;1\/4&#8243;][vc_empty_space height=&#8221;50px&#8221;][vc_column_text]<\/p>\n<ul>\n<li>Matemati\u010dka gimnazija<\/li>\n<li>Okrugli stoma\u010di\u0107<\/li>\n<li>Bogmar Group<\/li>\n<li>Pro Digi<\/li>\n<li>Morphine DNM<\/li>\n<li>Mondline name\u0161taj<\/li>\n<li>Kamp Rajska Rijeka<\/li>\n<li>Delta M<\/li>\n<li>Top Conference<\/li>\n<li>Vinarija Panti\u0107<\/li>\n<li>PRAHA film co<\/li>\n<li>Wonderbake \u2013 pekara za pse<\/li>\n<li>Nova arhitektura<\/li>\n<li>Sajam KIDS LIFE<\/li>\n<li>Bioskop ART<\/li>\n<li>Ordinacija Dr Ljubojevi\u0107<\/li>\n<li>The Mothership Orchestra<\/li>\n<li>Ujka Joja i sestri\u0107i<\/li>\n<li>Nikola Nikolic Jonny<\/li>\n<li>Taboo band<\/li>\n<li>Optimum<\/li>\n<li>Ivana Selakov i Mirza Selimovi\u0107<\/li>\n<li>Tiyana Milenkovi\u0107<\/li>\n<li>Ognjen Martinovi\u0107 Ogi<\/li>\n<li>Merin Holdings<\/li>\n<li>Hotel Abba &amp; Hotel Royal In<\/li>\n<li>Tri Glow<\/li>\n<li>Ordinacija dr Ljubojevi\u0107<\/li>\n<li>Roster Soft<\/li>\n<li>Konfindustrija Srbija<\/li>\n<\/ul>\n<p>[\/vc_column_text][\/vc_column][\/vc_row][vc_row][vc_column width=&#8221;1\/2&#8243;][vc_btn title=&#8221;For video production, click here&#8221; style=&#8221;3d&#8221; color=&#8221;danger&#8221; align=&#8221;center&#8221; i_icon_fontawesome=&#8221;fa fa-video-camera&#8221; add_icon=&#8221;true&#8221; link=&#8221;url:http%3A%2F%2Fwww.flymedia.rs%2Fen%2Fvideo-production-services%2F|||&#8221;][\/vc_column][vc_column width=&#8221;1\/2&#8243;][vc_btn title=&#8221;For professional photography, click here&#8221; style=&#8221;3d&#8221; color=&#8221;success&#8221; align=&#8221;center&#8221; i_icon_fontawesome=&#8221;fa fa-camera&#8221; add_icon=&#8221;true&#8221; link=&#8221;url:http%3A%2F%2Fwww.flymedia.rs%2Fen%2Fphotography-services-professional-photographer%2F|||&#8221;][\/vc_column][\/vc_row][vc_row row_type=&#8221;2&#8243; blox_image=&#8221;9171&#8243; blox_cover=&#8221;false&#8221; blox_repeat=&#8221;repeat&#8221; blox_dark=&#8221;true&#8221; blox_bgcolor=&#8221;#00c2e5&#8243;][vc_column]<hr class=\"vertical-space2\">[\/vc_column][\/vc_row]<\/p>\n","protected":false},"excerpt":{"rendered":"<p>[vc_row row_type=&#8221;3&#8243; blox_image=&#8221;9818&#8243; align_center=&#8221;aligncenter&#8221; page_title=&#8221;page-title-x&#8221; blox_dark=&#8221;true&#8221; parallax_speed=&#8221;7&#8243;][vc_column][vc_column_text] A PART OF OUR REFERENCE LIST [\/vc_column_text][\/vc_column][\/vc_row][vc_row][vc_column width=&#8221;1\/4&#8243;][vc_empty_space height=&#8221;50px&#8221;][vc_column_text] IKEA MMS International Nau\u010dno tehnolo\u0161ki park Beograd Soko \u0160tark Orion telekom Privredna komora Srbije Udru\u017eenje banaka Srbije Glam Up Bibo Global Opportunity Inc. Ball Beverage Packaging SR Technics Services Kleemann Liftovi Filip Travel EyeSee MR Lenses Jeep Commerce RC Europe MBS \u2013 Visoka \u0161kola biznisa Brook Hill International School Obrazovni centar EQUILIBRIO Life Pharma d.o.o. La Force Sport Network Lucia Center Dubai LeitnerLeitner SkyExpress HDL Design House Coming Computer Engineering Evermed Supportyourapp INC Frueko [\/vc_column_text][\/vc_column][vc_column width=&#8221;1\/4&#8243;][vc_empty_space height=&#8221;50px&#8221;][vc_column_text] Aroma market \/\u00a0City market AmRest (KFC) GrossOptic Japanese Business Alliance in Serbia Moto bike Diplon kupatila Vibac Balcani Alef Adriatic TNation CML Construction Services Direkta Swiss Mail Solutions CPI Group GPA construct WSD\u00a0sistem Makler Perla Pure Web media studio King\u00a0produkcija Fenix 011 pirotehnika Alcom\u00a0Worldwide Imprimatur Vodi\u010d za roditelje Fitness Supreme SIS \u2013 Software and Services Thinking Engineers Inoposao Prometal Eccentrix Gargantua Films Seavus [\/vc_column_text][\/vc_column][vc_column width=&#8221;1\/4&#8243;][vc_empty_space height=&#8221;50px&#8221;][vc_column_text] PS Fashion Gomma Line Heads Adriatic Senzal Capital Medo kisobrani China railway international co. ltd. NoBug d.o.o. Micro Business HUB Fit Innovation Duos Asinos TAG media Vila San Portal odmori Jezi\u010dki centar EQUILIBRIO KIDS Maturanti maratonci Muzi\u010dki sastav Price i ulice \u0160kola obuke i kursevi Zmajevo gnezdo \u2013 kung fu klub MCstudio BN Magla bend Health Care Winsol GMBH Turbo servis Bo\u017eec Dom za stare Elite Home Glenin Tim OtaCo In\u017einjering Bobex Obuke i seminari Vizija Ra\u010dunovodstvo Kaktus M Beo-Sport System [\/vc_column_text][\/vc_column][vc_column width=&#8221;1\/4&#8243;][vc_empty_space height=&#8221;50px&#8221;][vc_column_text] Matemati\u010dka gimnazija Okrugli stoma\u010di\u0107 Bogmar Group Pro Digi Morphine DNM Mondline name\u0161taj Kamp Rajska Rijeka Delta M Top Conference Vinarija Panti\u0107 PRAHA film co Wonderbake \u2013 pekara za pse Nova arhitektura Sajam KIDS LIFE Bioskop ART Ordinacija Dr Ljubojevi\u0107 The Mothership Orchestra Ujka Joja i sestri\u0107i Nikola Nikolic Jonny Taboo band Optimum Ivana Selakov i Mirza Selimovi\u0107&#8230; <\/p>\n<p><a class=\"readmore\" href=\"https:\/\/www.flymedia.rs\/en\/projects\/\">Nastavite \u010ditanje<\/a><\/p>\n","protected":false},"author":1,"featured_media":0,"parent":0,"menu_order":0,"comment_status":"closed","ping_status":"closed","template":"","meta":[],"aioseo_notices":[],"_links":{"self":[{"href":"https:\/\/www.flymedia.rs\/en\/wp-json\/wp\/v2\/pages\/10195\/"}],"collection":[{"href":"https:\/\/www.flymedia.rs\/en\/wp-json\/wp\/v2\/pages\/"}],"about":[{"href":"https:\/\/www.flymedia.rs\/en\/wp-json\/wp\/v2\/types\/page\/"}],"author":[{"embeddable":true,"href":"https:\/\/www.flymedia.rs\/en\/wp-json\/wp\/v2\/users\/1\/"}],"replies":[{"embeddable":true,"href":"https:\/\/www.flymedia.rs\/en\/wp-json\/wp\/v2\/comments\/?post=10195"}],"version-history":[{"count":4,"href":"https:\/\/www.flymedia.rs\/en\/wp-json\/wp\/v2\/pages\/10195\/revisions\/"}],"predecessor-version":[{"id":11329,"href":"https:\/\/www.flymedia.rs\/en\/wp-json\/wp\/v2\/pages\/10195\/revisions\/11329\/"}],"wp:attachment":[{"href":"https:\/\/www.flymedia.rs\/en\/wp-json\/wp\/v2\/media\/?parent=10195"}],"curies":[{"name":"wp","href":"https:\/\/api.w.org\/{rel}","templated":true}]}}